{"id":17324,"date":"2021-09-08T10:51:50","date_gmt":"2021-09-08T07:51:50","guid":{"rendered":"http:\/\/restoransforest.lv\/drink-menu\/"},"modified":"2026-03-05T10:38:28","modified_gmt":"2026-03-05T08:38:28","slug":"drink-menu","status":"publish","type":"page","link":"https:\/\/restoransforest.lv\/en\/drink-menu\/","title":{"rendered":"Drinks"},"content":{"rendered":"<p><strong>Dzirksto\u0161ie v\u012bni | Sparkling Wines<\/strong><\/p>\n<p><strong>15cl 75cl\u00a0<\/strong><br \/>\nProsecco, Veneto\/Italy<br \/>\nSerenello Prosecco Ros\u00e9 Extra Dry DOC, Veneto\/Italy<br \/>\n2019 Krone Borealis Cuvee Brut, Western Cape\/South Africa<br \/>\nGrand Laurent Cremant du Jura Grande Reserve Brut, Jura\/France<br \/>\nCodorniu Ars Collecta Blanc de Blancs Cava Grand Reserva, Cava\/Spain<\/p>\n<p><strong>\u0160ampanietis | Champagne<\/strong><\/p>\n<p>Taittinger reserve, Champagne<br \/>\nBollinger Brut Special Cuvee, Champagne<br \/>\nLouis Roederer Brut Premier, Champagne Premier Cru<\/p>\n<p>De Saint Gall Blanc de Blanc 1er Cru, Champagne Premier Cru<br \/>\n2013 Andre Clouet Millesime Brut, Champagne Grand Cru &#8216;Bouzy&#8217;<br \/>\nBollinger Brut Special Cuvee, Champagne<br \/>\n2010 Deutz brut Millesime, Champagne<br \/>\nRuinart Rose, Champagne<br \/>\n2012 Dom Perignon, Champagne<br \/>\nKrug Grande Cuvee, Champagne<\/p>\n<p><strong>Baltv\u012bni | White wines<\/strong><\/p>\n<p><strong>15cl 75cl<\/strong><\/p>\n<p>M\u0101jas v\u012bns | House wine<\/p>\n<p><strong>It\u0101lija | Italy<\/strong><br \/>\n2019 Azienda Agricola Casere Pinot Grigio DOC, Veneto<br \/>\n2020 Azienda Agricola Casere Chardonnay DOC, Veneto<br \/>\n2018 La Scolca Gavi dei Gavi White Label DOCG, Piedmont<br \/>\n2020 Poggio al Tesoro Solosole Vermentino DOC, Tuscany<br \/>\n2020 Planeta Chardonnay DOC, Sicilia<\/p>\n<p><strong>Francija | France<\/strong><br \/>\n2020 Louis Latour Chardonnay, Bourgogne<br \/>\n2018 Simonnet Febvre Chablis AOC, Bourgogne<br \/>\n2015 Louis Michel &amp; Fil Chablis Premier Cru, Bourgogne<br \/>\n2018 Domaine Vacheron Sancerre AOC, Loire<\/p>\n<p><strong>Sp\u0101nija | Spain<\/strong><br \/>\n2018 Hacienda de Ar\u00ednzano Chardonnay, Navarra<\/p>\n<p><strong>V\u0101cija | Germany<\/strong><br \/>\n2019 Hiestand Riesling &amp; Scheurebe Kabinett\/Semi dry, Rheinhessen<br \/>\n2019 Knipser Laumersheimer Kapellenberg Riesling Kabinet trocken, Pfalz<br \/>\n2019 Villa Wolf Pinot Gris, Pfalz<\/p>\n<p><strong>Austrija | Austria<\/strong><br \/>\n2020 Allram Gr\u00fcner Veltliner Strass, Kamptal DAC<\/p>\n<p><strong>Jaunz\u0113lande | New Zealand<\/strong><br \/>\n2020 Matua Valley Sauvignon Blanc, Marlborough<br \/>\n2017 Cloudy Bay Chardonnay, Marlborough<\/p>\n<p><strong>Austr\u0101lija | Australia<\/strong><br \/>\n2018 Wolf Blass Silver Label Chardonnay, Adelaide Hills<\/p>\n<p><strong>Sarkanv\u012bni | Red wines<\/strong><br \/>\n15cl 75cl<br \/>\nM\u0101jas v\u012bns | House wine<\/p>\n<p><strong>It\u0101lija | Italy<\/strong><br \/>\n2019 La Voliera Primitivo IGP, Puglia<br \/>\n2019 Pipoli Aglianico del Vulture, Basilicata<br \/>\n2017 Zenato Ripasso Valpolicella Superiore DOC, Veneto<br \/>\n2016 Domini Veneti Amarone della Valpolicella Classico, Veneto<br \/>\n2013 Fabiano I Fondatori Amarone della Valpolicella Classico DOCG, Veneto<br \/>\n2018 Vietti Barbera d\u2019Alba Tre Vigne DOC, Piedmont<br \/>\n2017 Pio Cesare Barlo, Piedmont<br \/>\n2019 San Felice Chianti Classico, Toscana<br \/>\n2017 Mazzei Fonterutoli Chianti Classico DOCG, Toscana<br \/>\n2016 Poliziano Vino Nobile di Montepulciano DOCG, Toscana<br \/>\n2015 Capanna Brunello di Montalcino DOCG, Toscana<br \/>\n2018 Ornellaia Bolgheri Superiore DOC, Toscana<\/p>\n<p><strong>Francija | France<\/strong><br \/>\n2019 Laforet Domaine Joseph Drouhin Pinot noir AOC, Bourgogne<br \/>\n2017 Louis Latour Corton Grand Cru, Bourgogne<br \/>\n2018 E. Guigal Cotes du Rhone, Rhone<br \/>\n2018 Perrin Cotes du Rhone Nature Organic, Rhone<br \/>\n2016 Telegramme Chateauneuf-du-Pape, Rhone<br \/>\n2012 Piedlong Chateauneuf-du-Pape, Rhone<br \/>\n2014 Chateau Tauzinat l\u2019Hermitage St. Emilion Grand Cru, Bordeaux<br \/>\n2014 Chateau Taillefer Pomerol, Bordeaux<br \/>\n2014 Chateau Malescot St. Exupery Margaux, Bordeaux<\/p>\n<p><strong>Sp\u0101nija | Spain<\/strong><br \/>\n2017 Marques de Riscal Rioja Reserva DOC, Rioja Alavesa<br \/>\n2014 Baron de Ley Rioja Gran Reserva, Rioja Baja<br \/>\n2016 Pesquera Crianza, Ribera del Duero<\/p>\n<p><strong>V\u0101cija | Germany<\/strong><br \/>\n2018 Weingut Hammel &amp; Cie Dornfelder\/Semi sweet, Pfalz<br \/>\n2017 Weingut Braun Sp\u00e4tburgunder\/Pinot Noir Cuvee trocken, Pfalz<\/p>\n<p><strong>Portug\u0101le | Portugal<\/strong><br \/>\n2019 Cascas Douro Tinto, Douro<\/p>\n<p><strong>Dienvid\u0101frika | South Africa<\/strong><br \/>\n2016 Simonsig Red Hill Pinotage, Stellenbosch<\/p>\n<p><strong>\u010c\u012ble| Chile<\/strong><br \/>\n2018 Cono Sur Merlot Reserve Especial, Colchagua Valley<\/p>\n<p><strong>Austr\u0101lija | Australia<\/strong><br \/>\n2016 Cape Mentelle Shiraz, Margaret River<\/p>\n<p><strong>Jaunz\u0113lande | New Zealand<\/strong><br \/>\n2018 Matua Valley Pinot Noir, Marlborough<\/p>\n<p><strong>Argent\u012bna | Argentina<\/strong><br \/>\n2017 Terrazas Reserva Malbec, Mendoza<\/p>\n<p><strong>Gruzija | Gorgia<\/strong><br \/>\n2019 Amosa Kindzmarauli Semi-Sweet, Kakheti<\/p>\n<p><strong>S\u0101rtv\u012bns | Rose wine<\/strong><br \/>\n2019 Braun Sankt Laurent Ros\u00e9 Trocken, Pfalz\/Germany<\/p>\n<p><strong>Desertv\u012bni | Desert wines<\/strong><br \/>\n2017 Brumes de La Tour Blanche Sauternes, Bordeaux\/France<\/p>\n<p>*V\u012bnu gadi var main\u012bties atkar\u012bb\u0101 no tirgus apst\u0101k\u013ciem.<br \/>\n*Please note that vintages may change depending on market conditions<\/p>\n<p><strong>Stiprin\u0101tie v\u012bni | Fortified wines<\/strong><\/p>\n<p>Ramos Pinto Tawny Port, Portug\u0101le\/Portugal<br \/>\nNoval 10 Y.O. Tawny Port, Portug\u0101le\/Portugal<br \/>\nBlandy`s Malmsey 5 Y.O., Portug\u0101le\/Portugal<\/p>\n<p><strong>Alus \/ Beer<\/strong><br \/>\nJaut\u0101t viesm\u012blim\/please ask for today&#8217;s offer<\/p>\n<p><strong>Sidrs \/ Cider<\/strong><br \/>\nM\u016brb\u016bdu<\/p>\n<p><strong>Vermuti\/Vermouth\u00a0<\/strong><br \/>\nMartini Bianco<br \/>\nMartini Extra Dry<br \/>\nMartini Rosso<br \/>\nCampari<\/p>\n<p><strong>Degv\u012bns\/Vodka\u00a0<\/strong><br \/>\nRussian Standart<br \/>\nFinlandia<br \/>\nFinlandia Cranberry<br \/>\nStolichnaya<br \/>\nStolichnaya Elit<br \/>\nBeluga<\/p>\n<p><strong>Tekila\/Tequila\u00a0<\/strong><br \/>\nTequila Blanco<br \/>\nMescal Se Busca Reposado 100% de Agave<br \/>\nChenote Reposado 100% de Agave<\/p>\n<p><strong>D\u017eini\/Gin 5cl<\/strong><br \/>\nBombay Sapphire<br \/>\nHendrick\u2019s<\/p>\n<p><strong>Biteri\/Herbal 5cl<\/strong><br \/>\nR\u012bga Black Balsam Original, Black currant or Cherry<br \/>\nFernet-Branca<br \/>\nJ\u00e4germeister<\/p>\n<p><strong>Konjaki\/Cognac\u00a0<\/strong><br \/>\nMartell VS<br \/>\nMartell VSOP<br \/>\nMartell XO<br \/>\nCamus Ile de Re Double Matured<br \/>\nHennessy VSOP<br \/>\nJean Fillioux Tres Vieux<br \/>\nHennessy XO<br \/>\nHennessy Library<\/p>\n<p><strong>Armanjaki\/Armagnac\u00a0<\/strong><br \/>\nCastarede Bas Armagnac 1984<\/p>\n<p><strong>Brendijs\/Brandy<\/strong><br \/>\nLouis de Lauriston Calvados Reserve<br \/>\nVecchia Romagna<\/p>\n<p><strong>Grapa\/Grappa\u00a0<\/strong><br \/>\nGrappa di Greta Di Gavi<br \/>\nGrappa La Musa Amarone<br \/>\nGrappa Brunello<\/p>\n<p><strong>Viskiji\/Whisky\u00a0<\/strong><\/p>\n<p><strong>Skotu\/Scotch<\/strong><br \/>\nJohnnie Walker Red Label<br \/>\nChivas Regal 12 YO<br \/>\nJohnnie Walker Black Label 12 YO<br \/>\nBalvenie Double Wood Single Malt 12 YO<br \/>\nArdbeg Single Malt 10 YO<br \/>\nLaphroaigIslay Single Malt 10 YO<br \/>\nLagavulin Islay Single Malt 16 YO<br \/>\nBowmore Single Malt 15 YO<br \/>\nMacallan 12 YO<br \/>\nMacallan 18 YO<\/p>\n<p><strong>\u012aru\/Irish<\/strong><br \/>\nTullamore Dew<br \/>\nJameson<br \/>\nBushmills<br \/>\nJameson Select Reserve<br \/>\nConnemara Single Malt<\/p>\n<p><strong>ASV\/USA<\/strong><br \/>\nJim Beam<br \/>\nJack Daniel&#8217;s<br \/>\nFour Roses Small Batch<\/p>\n<p><strong>Kan\u0101da\/Canada<\/strong><br \/>\nCanadian Club<\/p>\n<p><strong>Rumi\/Rum 5cl<\/strong><br \/>\nMalibu<br \/>\nCachaca Ypi\u00f3ca Ouro<br \/>\nHavana Club Anejos 3 Anos<br \/>\nHavana Club Especial<br \/>\nHavana Club Anejos Reserva<br \/>\nZacapa 23 YO Solera Gran Reserva<\/p>\n<p><strong>Li\u0137ieri\/Liquer 5cl<\/strong><br \/>\nDisaronno Amaretto Orginale<br \/>\nDrambuie<br \/>\nBaileys<br \/>\nKahlua<br \/>\nGrand Marnier<br \/>\nPernod<br \/>\nLimoncello Tradizionale<br \/>\nSambuca<br \/>\nCointreau<br \/>\nSouthern Comfort<br \/>\nBols Creme de Cassis<\/p>\n<p><strong>\u016adens\/Water<\/strong><br \/>\nSan Benedetto 25cl<br \/>\nSan Benedetto 75cl<\/p>\n<p><strong>G\u0101z\u0113tie dz\u0113rieni \/ Lemonade 25cl<\/strong><br \/>\nCola\/Cola Light\/Sprite\/Fanta\/Tonic\/<br \/>\nKvass-0,33l<br \/>\nBezalkoholiskais alus \/ non alchoholic beer 0,33l<\/p>\n<p><strong>Sulas \/ Juices 20cl<\/strong><br \/>\nApels\u012bnu\/upe\u0146u\/\u0101bolu\/tom\u0101tu\/dz\u0113rve\u0146u<\/p>\n<p><strong>Svaigi spiest\u0101s sulas \/ Fresh juices 20cl<\/strong><br \/>\nApels\u012bnu \/ Orange<br \/>\nGreipfr\u016btu \/ Grapefrit<br \/>\nBurk\u0101nu \/ Carrot<\/p>\n<p><strong>Karstie dz\u0113rieni \/ Hot beverages<\/strong><br \/>\nKafija \/ Coffee<br \/>\nKafija ar pienu \/ Coffee with milk<br \/>\nEspresso \/ Espresso<br \/>\nDubultais espresso \/ Double \u20acespresso<br \/>\nKapu\u010d\u012bno \/ Cappuccino<br \/>\nKafija Latte\/Caffe Latte<br \/>\nKarst\u0101 \u0161okol\u0101de \/ Hot chocolate<br \/>\nKakao \/ Cacao<br \/>\nT\u0113ja \/ Tea<\/p>\n<p><strong>Bezalkoholiskie koktei\u013ci \/ Non-alchoholic cocktail<\/strong><\/p>\n<p>Virgin Mojito<br \/>\nG\u0101z\u0113ts \u016bdens\/Piparm\u0113tra\/Br\u016bnais cukurs\/Laims<br \/>\nSparkling water\/Mint\/Brown sugar\/Lime<\/p>\n<p>Chapman<br \/>\nFanta\/Upe\u0146u s\u012brups\/Angostura bitters\/Laims\/Apels\u012bns\/Citrons\/Gur\u0137is<br \/>\nFanta\/Blackcurrant syrup\/Angostura bitter\/Lime\/Orange\/Lemon\/Cucumber<\/p>\n<p>Tropical Storm<br \/>\nPasiona biezenis\/Persiku s\u012brups\/Sprite<br \/>\nPassionfruit puree\/Peach syrup\/Sprite<\/p>\n<p>Ice Tea<br \/>\nT\u0113ja\/Apels\u012bns\/Citrons\/Laims\/Persiku s\u012brups \/Pasiona biezenis<br \/>\nTea\/Orange\/Lemon\/Lime\/Peach syrup\/Passionfruit puree<\/p>\n<p>Aperol Spritz non alchoholic<br \/>\nAperol s\u012brups\/Apels\u012bns\/Toniks<br \/>\nAperol syrup\/Orange\/Tonic<\/p>\n<p><strong>Alkoholiskie koktei\u013ci \/ Alchoholic cocktails<\/strong><\/p>\n<p>Mojito<br \/>\nRum\/Soda water\/Brown sugar\/Mint<\/p>\n<p>Margarita<br \/>\nTequila\/Cointreau\/Powdered sugar\/Lime juice\/Salt<\/p>\n<p>Sex on the beach<br \/>\nVodka\/Peach liquer\/Orange juice\/Cranbery juice<\/p>\n<p>Cosmopolitan<br \/>\nVodka\/Triple sec\/Cranbery juice\/Lime juice<\/p>\n<p>Dry Martini<br \/>\nGin\/Martini dry\/Olive<\/p>\n<p>White Russian<br \/>\nVodka\/Kahlua\/Cream<\/p>\n<p>Long Island Ice Tea<br \/>\nGin\/tequila\/Vodka\/Rum\/Contreau\/Lime juice\/Coca-cola<\/p>\n<p>Strawberry Daiquiri<br \/>\nStrawberries\/Rum\/Triple sec\/Suggar\/Lime juice<\/p>\n<p>Aperol Spritz<br \/>\nProsecco\/Aperol\/Soda<\/p>\n<p>Caipirinha<br \/>\nCachaca\/Lime\/Sugar<\/p>\n<p>Gin Tonic<br \/>\nBombay Sapphire\/Tonic\/Lime<\/p>\n<p>Whiskey Sour<br \/>\nJim Beam\/Fresh Lemon juice\/Simple syrup<\/p>\n<p>Tequila Sunrise<br \/>\nTequila\/Orange juice\/Grenadine syrup<\/p>\n<p><strong>Karstie koktei\u013ci\/Hot cocktails<\/strong><\/p>\n<p>R\u012bgas kafija\/Riga coffee<\/p>\n<p>\u012aru kafija\/Irish coffee<\/p>\n<p>Karstais Balzams\/Hot Balsam<\/p>\n<p>&nbsp;<\/p>\n","protected":false},"excerpt":{"rendered":"<p>Dzirksto\u0161ie v\u012bni | Sparkling Wines 15cl 75cl\u00a0 Prosecco, Veneto\/Italy Serenello Prosecco Ros\u00e9 Extra Dry DOC, Veneto\/Italy 2019 Krone Borealis Cuvee Brut, Western Cape\/South Africa Grand Laurent Cremant du Jura Grande Reserve Brut, Jura\/France Codorniu Ars Collecta Blanc de Blancs Cava Grand Reserva, Cava\/Spain \u0160ampanietis | Champagne Taittinger reserve, Champagne Bollinger Brut Special Cuvee, Champagne Louis [&hellip;]<\/p>\n","protected":false},"author":1,"featured_media":18029,"parent":0,"menu_order":0,"comment_status":"closed","ping_status":"closed","template":"page-templates\/menu-page.php","meta":{"jetpack_post_was_ever_published":false,"footnotes":""},"class_list":["post-17324","page","type-page","status-publish","has-post-thumbnail","hentry"],"jetpack_sharing_enabled":true,"jetpack_shortlink":"https:\/\/wp.me\/P76Dyz-4vq","_links":{"self":[{"href":"https:\/\/restoransforest.lv\/en\/wp-json\/wp\/v2\/pages\/17324","targetHints":{"allow":["GET"]}}],"collection":[{"href":"https:\/\/restoransforest.lv\/en\/wp-json\/wp\/v2\/pages"}],"about":[{"href":"https:\/\/restoransforest.lv\/en\/wp-json\/wp\/v2\/types\/page"}],"author":[{"embeddable":true,"href":"https:\/\/restoransforest.lv\/en\/wp-json\/wp\/v2\/users\/1"}],"replies":[{"embeddable":true,"href":"https:\/\/restoransforest.lv\/en\/wp-json\/wp\/v2\/comments?post=17324"}],"version-history":[{"count":5,"href":"https:\/\/restoransforest.lv\/en\/wp-json\/wp\/v2\/pages\/17324\/revisions"}],"predecessor-version":[{"id":17615,"href":"https:\/\/restoransforest.lv\/en\/wp-json\/wp\/v2\/pages\/17324\/revisions\/17615"}],"wp:featuredmedia":[{"embeddable":true,"href":"https:\/\/restoransforest.lv\/en\/wp-json\/wp\/v2\/media\/18029"}],"wp:attachment":[{"href":"https:\/\/restoransforest.lv\/en\/wp-json\/wp\/v2\/media?parent=17324"}],"curies":[{"name":"wp","href":"https:\/\/api.w.org\/{rel}","templated":true}]}}