{"id":17322,"date":"2021-09-08T10:48:29","date_gmt":"2021-09-08T07:48:29","guid":{"rendered":"http:\/\/restoransforest.lv\/menu\/"},"modified":"2026-05-07T14:12:05","modified_gmt":"2026-05-07T11:12:05","slug":"menu","status":"publish","type":"page","link":"https:\/\/restoransforest.lv\/en\/menu\/","title":{"rendered":"Menu"},"content":{"rendered":"<p style=\"text-align: center;\"><strong>SEASONAL\u00a0FOREST TASTING MENU<br \/>\n7\u00a0 COURSES<\/strong><\/p>\n<p style=\"text-align: center;\">Beetroot<br \/>\ngoat cheese, hemp oil, caramelized hazelnuts (2,8,12)<\/p>\n<p style=\"text-align: center;\">Salmon tataki<br \/>\nsun-dried tomatoes, olives, capers, onion (2,8,12)<\/p>\n<p style=\"text-align: center;\">Herb butter fried pike perch<br \/>\nlentil stew, patisson, zucchini, lobster bisque sauce (2,4,6,12,14)<\/p>\n<p style=\"text-align: center;\">Palate cleanser<br \/>\nSorbet with local berry wine \u201cT\u0113vi\u0146kalna\u201d (3,12)<\/p>\n<p style=\"text-align: center;\">Porcini ravioli<br \/>\ntruffle oil, mushroom sauce, Gran Moravia cheese (1,2,13,14)<\/p>\n<p style=\"text-align: center;\">Roasted quail breast<br \/>\npotato\u2013celery root gratin, demi-glace sauce (2,9,12,14)<\/p>\n<p style=\"text-align: center;\">Dessert duo<br \/>\nvanilla cr\u00e8me br\u00fbl\u00e9e<br \/>\nstrawberry cheesecake (1,2,3,5,12)<\/p>\n<p style=\"text-align: center;\">Homemade bread served on arrival<br \/>\nsun-dried tomatoes, cheese, seeds, onion and hemp seed butter (1,2,5,11)<\/p>\n<p style=\"text-align: center;\">62 per person<\/p>\n<p style=\"text-align: center;\">Additional wine pairing<br \/>\n47 per person (6 selected wines)<\/p>\n<p style=\"text-align: center;\"><strong>Last orders for the tasting menu are accepted until 19:30<\/strong><br \/>\nThe tasting menu is an experience to be enjoyed by the entire table<br \/>\nPlease allow approximately 2\u20133 hours to enjoy the full tasting experience<\/p>\n<p style=\"text-align: center;\">Please inform us in advance about any allergies or dietary preferences<br \/>\nA vegetarian menu is available upon request<\/p>\n<p style=\"text-align: center;\">A service charge of 10% is added for groups of six or more<\/p>\n<p>&nbsp;<\/p>\n<p style=\"text-align: center;\"><strong>SEASONAL FOREST VEGETARIAN TASTING MENU<br \/>\n7\u00a0 COURSES<br \/>\n<\/strong><\/p>\n<p style=\"text-align: center;\">Marinated beetroot<br \/>\ngoat cheese, hemp oil, caramelized hazelnuts <em>(2,8,12)<\/em><\/p>\n<p style=\"text-align: center;\">Honey caramelized goat cheese<br \/>\nlingonberry jelly <em>(1,2)<\/em><\/p>\n<p style=\"text-align: center;\">Saffron risotto <em>(1,2)<\/em><\/p>\n<p style=\"text-align: center;\">Porcini ravioli<br \/>\ntruffle oil, mushroom sauce, Gran Moravia cheese <em>(1,2,13)<\/em><\/p>\n<p style=\"text-align: center;\">Palate cleanser<br \/>\nSorbet with local berry wine \u201cT\u0113vi\u0146kalna\u201d (3,12)<\/p>\n<p style=\"text-align: center;\">Lentil and vegetable stew<br \/>\nfried chanterelle mushrooms <em>(2,13)<\/em><\/p>\n<p style=\"text-align: center;\">Dessert duo<br \/>\nvanilla cr\u00e8me br\u00fbl\u00e9e<br \/>\nstrawberry cheesecake (1,2,3,5,12)<\/p>\n<p style=\"text-align: center;\">Homemade bread served on arrival<br \/>\nsun-dried tomatoes, cheese, seeds, onion and hemp seed butter (1,2,5,11)<\/p>\n<p style=\"text-align: center;\">62 per person<\/p>\n<p style=\"text-align: center;\">Additional wine pairing<br \/>\n47 per person (6 selected wines)<\/p>\n<p style=\"text-align: center;\"><strong>Last orders for the tasting menu are accepted until 19:30<\/strong><br \/>\nThe tasting menu is an experience to be enjoyed by the entire table<br \/>\nPlease allow approximately 2\u20133 hours to enjoy the full tasting experience<\/p>\n<p style=\"text-align: center;\">Please inform us in advance about any allergies or dietary preferences<br \/>\nA vegetarian menu is available upon request<\/p>\n<p style=\"text-align: center;\">A service charge of 10% is added for groups of six or more<\/p>\n<p>&nbsp;<\/p>\n<p style=\"text-align: center;\"><strong>M E N U<\/strong><\/p>\n<p style=\"text-align: center;\"><strong>A P P E T I Z E R S<\/strong><\/p>\n<p style=\"text-align: center;\">Homemade bread with sun dried tomatoes, cheese, seeds, onion and hemp seed butter (V) (1,2,5,11)<br \/>\n6.80 \u20ac<\/p>\n<p style=\"text-align: center;\">Pickled large black olives<br \/>\n7.80 \u20ac<\/p>\n<p style=\"text-align: center;\">Beetroot with goat cheese, hemp oil and caramelized hazelnuts (V) (2,8,12)<br \/>\n12.90 \u20ac<\/p>\n<p style=\"text-align: center;\">Arugula leaf salad with Camembert cheese, cherry tomatoes, pine nuts<br \/>\nand passion fruit-olive oil dressing (V) (2,8,12)<br \/>\n12.90 \u20ac<\/p>\n<p style=\"text-align: center;\">Herring tartar with herb cream, capers, fried onion oil and ciabatta toast (1,2,6,12)<br \/>\n13.90 \u20ac<\/p>\n<p style=\"text-align: center;\">Crayfish salad with avocado, cherry tomatoes and red onion (4,12)<br \/>\n13.90 \u20ac<\/p>\n<p style=\"text-align: center;\">Honey caramelized goat cheese on toasted bread with red onion marmalade (V) (1,2)<br \/>\n15.90 \u20ac<\/p>\n<p style=\"text-align: center;\">Porcini mushroom ravioli with truffle oil, mushroom sauce and Gran Moravia cheese (V) (1,2,13,14)<br \/>\n15.90 \u20ac<\/p>\n<p style=\"text-align: center;\">Butter fried tiger prawns with berry puree and mango &#8211; chili salsa (2,4,11)<br \/>\n15.90 \u20ac<\/p>\n<p style=\"text-align: center;\">Beef fillet carpaccio with truffle olive oil, black sea salt and Gran Moravia cheese (2)<br \/>\n15.90 \u20ac<\/p>\n<p style=\"text-align: center;\">Salmon carpaccio with Caponata sauce and black sea salt (6,12)<br \/>\n15.90 \u20ac<\/p>\n<p style=\"text-align: center;\"><strong>S O U P S<\/strong><\/p>\n<p style=\"text-align: center;\">Creamy sunchoke soup with salted hazelnuts, cheese crisp and parsley oil (V) (1,2,8)<br \/>\n9.90 \u20ac<\/p>\n<p style=\"text-align: center;\">Tomato gazpacho soup with vegetables, crayfish tails and Monte Campo cheese (V) (2,4)<br \/>\n13.90 \u20ac<\/p>\n<p style=\"text-align: center;\">Lobster bisque soup with fish selection and onion crisps (1,2,4,6,9,12,14)<br \/>\n15.90 \u20ac<\/p>\n<p style=\"text-align: center;\"><strong>M A I N\u00a0 \u00a0C O U R S E S<\/strong><\/p>\n<p style=\"text-align: center;\">Lentil, vegetable stew with tomato marmalade and king oyster mushroom (V) (2,12,13,14)<br \/>\n19.90 \u20ac<\/p>\n<p style=\"text-align: center;\">Potato-celery root gratin with cheese, kale and king oyster mushroom (V) (2,9,12,13,14)<br \/>\n19.90 \u20ac<\/p>\n<p style=\"text-align: center;\">Creamy Tagliatelle with broccoli, cherry tomatoes and Monte Campo cheese (V) 18.90 \u20ac<br \/>\n\/ chicken fillet 19.90 \u20ac \/ tiger prawns 24.90 \u20ac (1,2,4,5,14)<\/p>\n<p style=\"text-align: center;\">Beef stroganoff with mushrooms, pickled cucumbers and mashed potatoes (2,13,14)<br \/>\n21.90 \u20ac<\/p>\n<p style=\"text-align: center;\">BBQ pork ribs with garlic butter baked potatoes, red onion marmalade,<br \/>\nsoybeans\u00a0and Demi-glace sauce (2,10,12,14)<br \/>\n22.90 \u20ac<\/p>\n<p style=\"text-align: center;\">Herb butter fried pike perch fillet with lentil stew, butter-fried broccoli, patisson,<br \/>\nzucchini, torched onion and lobster bisque sauce (2,4,9,12,14)<br \/>\n24.90 \u20ac<\/p>\n<p style=\"text-align: center;\">Salmon fillet with with lentil stew, butter-fried broccoli, patisson,<br \/>\nzucchini, torched onion and lobster bisque sauce (2,4,9,12,14)<br \/>\n24.90 \u20ac<\/p>\n<p style=\"text-align: center;\">Slow cooked veal cheeks in red wine sauce with mashed potatoes, zucchini, pumpkin and soybeans (2,9,12,14)<br \/>\n34.90 \u20ac<\/p>\n<p style=\"text-align: center;\">Charolais beef tenderloin steak, creamy mashed potatoes, red onion marmalade,<br \/>\nsweet corn, butter fried broccoli and demi-glace sauce (2,12,13,14)<br \/>\n38.90 \u20ac<\/p>\n<p style=\"text-align: center;\"><strong>S I D E\u00a0 \u00a0D I S H E S<\/strong><\/p>\n<p style=\"text-align: center;\">Garlic butter fried potatoes (2)<br \/>\n6.80 \u20ac<\/p>\n<p style=\"text-align: center;\">Green leaf &#8211; vegetable salad<br \/>\n7.80 \u20ac<\/p>\n<p style=\"text-align: center;\">Grilled vegetables<br \/>\n7.80 \u20ac<\/p>\n<p style=\"text-align: center;\"><strong>D E S S E R T S<\/strong><\/p>\n<p style=\"text-align: center;\">Chocolate fondant with vanilla ice cream, blackcurrant liqueur flavored berries,<br \/>\ncaramelized nuts and quince puree (1,2,3,5,8)<br \/>\n10.90 \u20ac<\/p>\n<p style=\"text-align: center;\">Vanilla Cr\u00e8me br\u00fbl\u00e9e with berry puree and sorbet (2,3,5,12)<br \/>\n10.90 \u20ac<\/p>\n<p style=\"text-align: center;\">Strawberry cheesecake (1,2,3,5,12)<br \/>\n10.90 \u20ac<\/p>\n<p style=\"text-align: center;\">Ice cream selection with nuts (2,5,3,8)<br \/>\n8.90 \u20ac<\/p>\n<p style=\"text-align: center;\">Sorbet selection (3)<br \/>\n10.90 \u20ac<\/p>\n<p style=\"text-align: center;\"><strong>\u00a0K I D S\u00a0 M E N U<\/strong><\/p>\n<p style=\"text-align: center;\">Chicken fillet with oven fried potatoes and tomato sauce<em> (2)<\/em><\/p>\n<p style=\"text-align: center;\">8.00 \u20ac<\/p>\n<p style=\"text-align: center;\">Pasta with vegetables and cheese in cream sauce <em>(1,2)<\/em><\/p>\n<p style=\"text-align: center;\">8.00 \u20ac<\/p>\n<p style=\"text-align: center;\">Vanilla ice cream <em>(2,3,5)<\/em><\/p>\n<p style=\"text-align: center;\">5,00 \u20ac<\/p>\n<p>&nbsp;<\/p>\n<p style=\"text-align: center;\">*Service charge of 10% is added to parties of six or more<\/p>\n<p>* Allergens<\/p>\n<p>1 \u2013 Gluten, 2 \u2013 Lactose, 3 \u2013 Glucose, 4 \u2013 Shellfish, 5 \u2013 Eggs, 6 \u2013 Fish, 7 \u2013 Peanuts, 8 \u2013 Nuts,<br \/>\n9 \u2013 Celery, 10 \u2013 Mustard, 11 \u2013 Sesame seeds, 12 \u2013 Sulfites, 13 \u2013 Mushrooms, 14 \u2013 Soja<\/p>\n","protected":false},"excerpt":{"rendered":"<p>SEASONAL\u00a0FOREST TASTING MENU 7\u00a0 COURSES Beetroot goat cheese, hemp oil, caramelized hazelnuts (2,8,12) Salmon tataki sun-dried tomatoes, olives, capers, onion (2,8,12) Herb butter fried pike perch lentil stew, patisson, zucchini, lobster bisque sauce (2,4,6,12,14) Palate cleanser Sorbet with local berry wine \u201cT\u0113vi\u0146kalna\u201d (3,12) Porcini ravioli truffle oil, mushroom sauce, Gran Moravia cheese (1,2,13,14) Roasted quail [&hellip;]<\/p>\n","protected":false},"author":1,"featured_media":17866,"parent":0,"menu_order":0,"comment_status":"closed","ping_status":"closed","template":"page-templates\/menu-page.php","meta":{"jetpack_post_was_ever_published":false,"footnotes":""},"class_list":["post-17322","page","type-page","status-publish","has-post-thumbnail","hentry"],"jetpack_sharing_enabled":true,"jetpack_shortlink":"https:\/\/wp.me\/P76Dyz-4vo","_links":{"self":[{"href":"https:\/\/restoransforest.lv\/en\/wp-json\/wp\/v2\/pages\/17322","targetHints":{"allow":["GET"]}}],"collection":[{"href":"https:\/\/restoransforest.lv\/en\/wp-json\/wp\/v2\/pages"}],"about":[{"href":"https:\/\/restoransforest.lv\/en\/wp-json\/wp\/v2\/types\/page"}],"author":[{"embeddable":true,"href":"https:\/\/restoransforest.lv\/en\/wp-json\/wp\/v2\/users\/1"}],"replies":[{"embeddable":true,"href":"https:\/\/restoransforest.lv\/en\/wp-json\/wp\/v2\/comments?post=17322"}],"version-history":[{"count":30,"href":"https:\/\/restoransforest.lv\/en\/wp-json\/wp\/v2\/pages\/17322\/revisions"}],"predecessor-version":[{"id":18068,"href":"https:\/\/restoransforest.lv\/en\/wp-json\/wp\/v2\/pages\/17322\/revisions\/18068"}],"wp:featuredmedia":[{"embeddable":true,"href":"https:\/\/restoransforest.lv\/en\/wp-json\/wp\/v2\/media\/17866"}],"wp:attachment":[{"href":"https:\/\/restoransforest.lv\/en\/wp-json\/wp\/v2\/media?parent=17322"}],"curies":[{"name":"wp","href":"https:\/\/api.w.org\/{rel}","templated":true}]}}